{"id":1251,"date":"2025-11-28T17:57:33","date_gmt":"2025-11-28T16:57:33","guid":{"rendered":"https:\/\/afamassociation.fr\/?page_id=1251"},"modified":"2025-11-28T17:57:33","modified_gmt":"2025-11-28T16:57:33","slug":"2022-saint-germain-en-laye","status":"publish","type":"page","link":"https:\/\/afamassociation.fr\/index.php\/2022-saint-germain-en-laye\/","title":{"rendered":"2022 &#8211; Saint-Germain-en-Laye"},"content":{"rendered":"\n<h2 class=\"wp-block-heading has-luminous-vivid-orange-color has-text-color\">Nouvelles recherches et nouvelles m\u00e9thodes : pour une avanc\u00e9e des connaissances sur les ensembles fun\u00e9raires alto-m\u00e9di\u00e9vaux<\/h2>\n\n\n\n<h4 class=\"wp-block-heading\"><span style=\"color:#ff6900\" class=\"color\">XLII<sup>e<\/sup> Journ\u00e9es de l&rsquo;Association fran\u00e7aise d&rsquo;arch\u00e9ologie m\u00e9rovingienne<br>05- 08 octobre 2022<\/span> &#8211; <span style=\"color:#ff6900\" class=\"color\"><strong><a href=\"http:\/\/afamassociation.fr\/wp-content\/uploads\/2022\/08\/AFAM-programme-2022-version-082022.pdf\" data-type=\"URL\" data-id=\"http:\/\/afamassociation.fr\/wp-content\/uploads\/2022\/08\/AFAM-programme-2022-version-082022.pdf\" target=\"_blank\" rel=\"noreferrer noopener\">Programme<\/a><\/strong><\/span><\/h4>\n\n\n\n<p>Les actes de ces journ\u00e9es sont disponibles dans nos <a href=\"https:\/\/afamassociation.fr\/index.php\/2025\/04\/09\/parution-memoires-de-lafam-41\/\" data-type=\"link\" data-id=\"https:\/\/afamassociation.fr\/index.php\/2025\/04\/09\/parution-memoires-de-lafam-41\/\">publications<\/a><\/p>\n\n\n\n<p>En 2014, les 35<sup>e<\/sup>&nbsp;Journ\u00e9es internationales d&rsquo;arch\u00e9ologie m\u00e9rovingienne qui se sont tenues \u00e0 Douai avaient pour principal enjeu de comprendre l&rsquo;organisation des communaut\u00e9s \u00e0 travers les interactions entre les diff\u00e9rents types d&rsquo;aires fun\u00e9raires et les secteurs d&rsquo;habitat. Depuis, trois Projets Collectifs de Recherche ont \u00e9t\u00e9 engag\u00e9s en \u00cele-de-France, en Champagne-Ardenne et en Alsace, avec pour principal objectif celui de fournir un bilan r\u00e9gional des connaissances acquises ces derni\u00e8res ann\u00e9es par l&rsquo;\u00e9tude des n\u00e9cropoles alto-m\u00e9di\u00e9vales. Par le biais d&rsquo;approches synth\u00e9tiques, ils ont permis d&rsquo;aborder diverses th\u00e9matiques touchant autant \u00e0 la s\u00e9pulture qu&rsquo;\u00e0 la n\u00e9cropole ou au mobilier fun\u00e9raire, tout en abordant \u00e9galement des points plus m\u00e9thodologiques. Ces programmes de recherche r\u00e9gionaux pluridisciplinaires incitent aujourd&rsquo;hui \u00e0 proposer, huit ans apr\u00e8s le colloque de Douai, un nouveau bilan, orient\u00e9 cette fois exclusivement sur les ensembles fun\u00e9raires, \u00e0 travers des approches globales et r\u00e9gionales mais aussi par le prisme des avanc\u00e9es m\u00e9thodologiques. Deux principales th\u00e9matiques viendront scander les journ\u00e9es de l&rsquo;Association fran\u00e7aise d&rsquo;arch\u00e9ologie m\u00e9rovingienne.<\/p>\n\n\n\n<p>La premi\u00e8re session sera d\u00e9di\u00e9e \u00e0 la pr\u00e9sentation des projets de recherche r\u00e9gionaux ainsi qu&rsquo;aux autres travaux de synth\u00e8se, r\u00e9cents ou en cours.<\/p>\n\n\n\n<p>Ces interventions auront pour objectifs de rendre compte de la diversit\u00e9 des approches dans l&rsquo;\u00e9tude des ensembles fun\u00e9raires alto-m\u00e9di\u00e9vaux mais \u00e9galement d&rsquo;exposer les acquis, les limites et tirer le bilan de ces projets. Les communications s&rsquo;appuieront sur des exemples concrets et fourniront une pr\u00e9sentation rapide des r\u00e9sultats obtenus dans le but, notamment, de d\u00e9gager les \u00e9ventuelles sp\u00e9cificit\u00e9s r\u00e9gionales.<\/p>\n\n\n\n<p>La seconde session sera consacr\u00e9e aux nouvelles m\u00e9thodes utilis\u00e9es pour l&rsquo;\u00e9tude des ensembles fun\u00e9raires alto-m\u00e9di\u00e9vaux.<\/p>\n\n\n\n<p>Pourront ainsi \u00eatre pr\u00e9sent\u00e9es les travaux touchant \u00e0 la restitution des architectures fun\u00e9raires, \u00e0 la caract\u00e9risation biologique des populations et \u00e0 la notion de genre, \u00e0 la fonction du mobilier dans les s\u00e9pultures et ceux issus de donn\u00e9es exp\u00e9rimentales. Durant les derni\u00e8res d\u00e9cennies, ces nouvelles approches se sont en effet multipli\u00e9es et g\u00e9n\u00e9ralis\u00e9es et il appara\u00eet aujourd&rsquo;hui important d&rsquo;en faire un premier \u00e9tat.<\/p>\n\n\n\n<p>Une derni\u00e8re session sera d\u00e9di\u00e9e aux pr\u00e9sentations portant sur les derni\u00e8res actualit\u00e9s du haut Moyen \u00c2ge en \u00cele-de-France, dix ans apr\u00e8s les 32<sup>e<\/sup> journ\u00e9es de Saint-Germain-en-Laye consacr\u00e9es alors sur le r\u00e8gne de Clovis.<\/p>\n\n\n\n<p><strong>Comit\u00e9 d&rsquo;organisation<\/strong><\/p>\n\n\n\n<ul class=\"wp-block-list\">\n<li>Cyrille Le Forestier, Inrap , UMR 6273<\/li>\n\n\n\n<li>H\u00e9l\u00e8ne Barrand-Emam, Antea Arch\u00e9ologie, UMR 7044<\/li>\n\n\n\n<li>Fanny Chenal, Inrap, UMR7044<\/li>\n\n\n\n<li>Ivan Lafarge, CD93 , UMR 8066<\/li>\n\n\n\n<li>St\u00e9phanie Desbrosse-Degoberti\u00e8re, Inrap , UMR 6273<\/li>\n\n\n\n<li>Fanny Hamonic, Mus\u00e9e d&rsquo; Arch\u00e9ologie nationale, UMR 7041<br>&nbsp;<\/li>\n<\/ul>\n\n\n\n<p><span style=\"color:#ff6900\" class=\"color\"><strong><a href=\"http:\/\/afamassociation.fr\/wp-content\/uploads\/2022\/08\/AFAM-programme-2022-version-082022.pdf\" target=\"_blank\" rel=\"noreferrer noopener\">Programme<\/a><\/strong><\/span><\/p>\n","protected":false},"excerpt":{"rendered":"<p>Nouvelles recherches et nouvelles m\u00e9thodes : pour une avanc\u00e9e des connaissances sur les ensembles fun\u00e9raires alto-m\u00e9di\u00e9vaux XLIIe Journ\u00e9es de l&rsquo;Association fran\u00e7aise d&rsquo;arch\u00e9ologie m\u00e9rovingienne05- 08 octobre 2022 &#8211; Programme Les actes&hellip;<\/p>\n","protected":false},"author":2,"featured_media":0,"parent":0,"menu_order":0,"comment_status":"closed","ping_status":"closed","template":"","meta":{"footnotes":""},"class_list":["post-1251","page","type-page","status-publish","hentry","no-post-thumbnail"],"jetpack_sharing_enabled":true,"_links":{"self":[{"href":"https:\/\/afamassociation.fr\/index.php\/wp-json\/wp\/v2\/pages\/1251","targetHints":{"allow":["GET"]}}],"collection":[{"href":"https:\/\/afamassociation.fr\/index.php\/wp-json\/wp\/v2\/pages"}],"about":[{"href":"https:\/\/afamassociation.fr\/index.php\/wp-json\/wp\/v2\/types\/page"}],"author":[{"embeddable":true,"href":"https:\/\/afamassociation.fr\/index.php\/wp-json\/wp\/v2\/users\/2"}],"replies":[{"embeddable":true,"href":"https:\/\/afamassociation.fr\/index.php\/wp-json\/wp\/v2\/comments?post=1251"}],"version-history":[{"count":1,"href":"https:\/\/afamassociation.fr\/index.php\/wp-json\/wp\/v2\/pages\/1251\/revisions"}],"predecessor-version":[{"id":1252,"href":"https:\/\/afamassociation.fr\/index.php\/wp-json\/wp\/v2\/pages\/1251\/revisions\/1252"}],"wp:attachment":[{"href":"https:\/\/afamassociation.fr\/index.php\/wp-json\/wp\/v2\/media?parent=1251"}],"curies":[{"name":"wp","href":"https:\/\/api.w.org\/{rel}","templated":true}]}}