{"id":1253,"date":"2025-11-28T17:59:09","date_gmt":"2025-11-28T16:59:09","guid":{"rendered":"https:\/\/afamassociation.fr\/?page_id=1253"},"modified":"2025-11-28T17:59:09","modified_gmt":"2025-11-28T16:59:09","slug":"2025-toulouse","status":"publish","type":"page","link":"https:\/\/afamassociation.fr\/index.php\/2025-toulouse\/","title":{"rendered":"2025 &#8211; Toulouse"},"content":{"rendered":"\n<p class=\"has-luminous-vivid-orange-color has-text-color has-link-color wp-elements-3b2537f16962a11c12cd2f860a0d474f\" style=\"font-size:26px\"><strong>L\u2019architecture religieuse du haut Moyen \u00c2ge dans le monde franc et ses marges : h\u00e9ritages et transformations<\/strong> &#8211; 23-25 octobre 2025<\/p>\n\n\n\n<figure class=\"wp-block-image size-full\"><img decoding=\"async\" src=\"http:\/\/afamassociation.fr\/wp-content\/uploads\/2025\/07\/Visuel.jpg\" alt=\"\" class=\"wp-image-1181\"\/><\/figure>\n\n\n\n<p>Programme complet : <a href=\"http:\/\/afamassociation.fr\/wp-content\/uploads\/2025\/07\/Programme-Architecture-religieuse.pdf\" data-type=\"link\" data-id=\"http:\/\/afamassociation.fr\/wp-content\/uploads\/2025\/07\/Programme-Architecture-religieuse.pdf\" target=\"_blank\" rel=\"noreferrer noopener\">AFAM &#8211; 45<sup>e<\/sup> Journ\u00e9es<\/a><\/p>\n\n\n\n<p>Les 45<sup>e<\/sup> Journ\u00e9es Internationales de l\u2019Association Fran\u00e7aise d\u2019Arch\u00e9ologie M\u00e9rovingienne qui se tiendront \u00e0 la Maison de la recherche de l&rsquo;Universit\u00e9 de Toulouse &#8211; Jean Jaur\u00e8s du 23 au 25 octobre 2025 aborderont donc la question de <em>L\u2019architecture religieuse du haut Moyen \u00c2ge dans le monde franc et ses marges<strong> <\/strong><\/em>en privil\u00e9giant, en particulier, les effets d\u2019h\u00e9ritages et de transformations. Ces journ\u00e9es ont pour objectif d\u2019essayer d\u2019\u00e9laborer un <strong>\u00e9tat des lieux<\/strong> sur ce th\u00e8me, d\u2019<strong>ouvrir de nouvelles perspectives<\/strong> de recherche et de <strong>poser un nouveau regard<\/strong> sur l\u2019architecture, l\u2019organisation spatiale et fonctionnelle des \u00e9difices eccl\u00e9siaux du premier Moyen \u00c2ge. Au regard de ces enjeux, les communications privil\u00e9giant des approches synth\u00e9tiques seront favoris\u00e9es. Des <strong>bilans r\u00e9gionaux et\/ou th\u00e9matiques<\/strong> centr\u00e9s sur le monde franc sont particuli\u00e8rement attendus, ou des <strong>synth\u00e8ses sur les zones de contact<\/strong> (Espagne du Nord, Italie du Nord, Suisse, Allemagne, Belgique, Angleterre), illustr\u00e9es par des monographies. Il s\u2019agira de consid\u00e9rer des \u00e9glises aux statuts divers, int\u00e9gr\u00e9es ou non \u00e0 des ensembles monastiques ou cath\u00e9draux. Il sera tout autant utile d\u2019\u00e9voquer des \u00e9difices in\u00e9dits que de reprendre des dossiers anciens afin d\u2019essayer de caract\u00e9riser l\u2019organisation spatiale et monumentale des lieux de culte chr\u00e9tien et l\u2019\u00e9volution de leur architecture, entre h\u00e9ritages, ruptures et continuit\u00e9s en relation avec la p\u00e9riode m\u00e9rovingienne.<\/p>\n\n\n\n<p>Les communications interrogeront \u00e0 la fois la vari\u00e9t\u00e9 des plans et l\u2019\u00e9l\u00e9vation de ces \u00e9difices et leur transformation au cours du temps. Il s\u2019agira d\u2019\u00e9voquer les techniques et les mat\u00e9riaux de construction des \u00e9glises, l\u2019\u00e9volution de leur mise en \u0153uvre qui pourrait d\u00e9finir une continuit\u00e9 et\/ou une rupture avec des usages ant\u00e9rieurs, le remploi des mat\u00e9riaux de construction et sa possible signification sociale par exemple li\u00e9e \u00e0 l\u2019affirmation de l\u2019anciennet\u00e9 d\u2019un sanctuaire. Il pourra \u00e9galement \u00eatre question du d\u00e9cor de ces \u00e9difices d\u00e9ploy\u00e9 et r\u00e9adapt\u00e9 au cours du temps. D\u2019une mani\u00e8re g\u00e9n\u00e9rale, il s\u2019agira de prendre en consid\u00e9ration la p\u00e9rennit\u00e9 ou les modifications de l\u2019architecture de ces \u00e9difices eccl\u00e9siaux durant tout le haut Moyen \u00c2ge en tenant compte de leurs r\u00e9am\u00e9nagements successifs ainsi que les fonctions attribu\u00e9es aux diff\u00e9rents espaces qui les composent.<\/p>\n\n\n\n<p>Comme il est habituel au cours de ces Journ\u00e9es, une session sera \u00e9galement consacr\u00e9e \u00e0 l\u2019<strong>actualit\u00e9 r\u00e9gionale<\/strong>. Elle concernera l\u2019actuelle r\u00e9gion Occitanie et ses marges. Cette s\u00e9quence devrait permettre de pr\u00e9senter des recherches de terrain ou de laboratoire, pr\u00e9ventives ou programm\u00e9es, ainsi que des travaux universitaires r\u00e9cents, consacr\u00e9s \u00e0 l\u2019habitat, au monde des morts, aux productions mat\u00e9rielles de cette p\u00e9riode.<\/p>\n","protected":false},"excerpt":{"rendered":"<p>L\u2019architecture religieuse du haut Moyen \u00c2ge dans le monde franc et ses marges : h\u00e9ritages et transformations &#8211; 23-25 octobre 2025 Programme complet : AFAM &#8211; 45e Journ\u00e9es Les 45e&hellip;<\/p>\n","protected":false},"author":2,"featured_media":0,"parent":0,"menu_order":0,"comment_status":"closed","ping_status":"closed","template":"","meta":{"footnotes":""},"class_list":["post-1253","page","type-page","status-publish","hentry","no-post-thumbnail"],"jetpack_sharing_enabled":true,"_links":{"self":[{"href":"https:\/\/afamassociation.fr\/index.php\/wp-json\/wp\/v2\/pages\/1253","targetHints":{"allow":["GET"]}}],"collection":[{"href":"https:\/\/afamassociation.fr\/index.php\/wp-json\/wp\/v2\/pages"}],"about":[{"href":"https:\/\/afamassociation.fr\/index.php\/wp-json\/wp\/v2\/types\/page"}],"author":[{"embeddable":true,"href":"https:\/\/afamassociation.fr\/index.php\/wp-json\/wp\/v2\/users\/2"}],"replies":[{"embeddable":true,"href":"https:\/\/afamassociation.fr\/index.php\/wp-json\/wp\/v2\/comments?post=1253"}],"version-history":[{"count":1,"href":"https:\/\/afamassociation.fr\/index.php\/wp-json\/wp\/v2\/pages\/1253\/revisions"}],"predecessor-version":[{"id":1254,"href":"https:\/\/afamassociation.fr\/index.php\/wp-json\/wp\/v2\/pages\/1253\/revisions\/1254"}],"wp:attachment":[{"href":"https:\/\/afamassociation.fr\/index.php\/wp-json\/wp\/v2\/media?parent=1253"}],"curies":[{"name":"wp","href":"https:\/\/api.w.org\/{rel}","templated":true}]}}