{"id":152,"date":"2019-08-15T15:11:12","date_gmt":"2019-08-15T15:11:12","guid":{"rendered":"http:\/\/127.0.0.1:10080\/wordpress\/?page_id=152"},"modified":"2025-11-28T17:26:49","modified_gmt":"2025-11-28T16:26:49","slug":"conseil-dadministration","status":"publish","type":"page","link":"https:\/\/afamassociation.fr\/index.php\/conseil-dadministration\/","title":{"rendered":"Conseil d&rsquo;administration"},"content":{"rendered":"\n<p>Le Conseil d&rsquo;administration se compose d&rsquo;un nombre maximal de 18 membres.<\/p>\n\n\n\n<p>En font actuellement partie :<\/p>\n\n\n\n<p><strong><span style=\"color:#ff6900\" class=\"color\">Bureau<\/span><\/strong><\/p>\n\n\n\n<p>Edith Peytremann, co-pr\u00e9sidente<br>Laurent Verslype, co-pr\u00e9sident<br>Alain Dierkens, vice-pr\u00e9sident<br>In\u00e8s Leroy, secr\u00e9taire<br>Nadine Mah\u00e9-Hourlier, secr\u00e9taire-adjoint<br>Vincent Hincker, tr\u00e9sorier<br>Damien Martinez, tr\u00e9sorier-adjoint<br>Fran\u00e7ois Capron, web<br>Alexis Corrochano, r\u00e9seaux sociaux<\/p>\n\n\n\n<p><strong><span style=\"color:#ff6900\" class=\"color\">Membres<\/span><\/strong><\/p>\n\n\n\n<p>Patrick P\u00e9rin, pr\u00e9sident d&rsquo;honneur<br>Fran\u00e7oise Vallet, membre d&rsquo;honneur<br>Brigitte Boissavit-Camus<br>B\u00e9n\u00e9dicte Brandenburg<br>Marie Frauciel<br>Mich\u00e8le Gaillard<br>C\u00e9dric Le Provost<br>Sabine M\u00e9ry<br>Anne Nissen<br>Marie-C\u00e9cile Truc<\/p>\n","protected":false},"excerpt":{"rendered":"<p>Le Conseil d&rsquo;administration se compose d&rsquo;un nombre maximal de 18 membres. En font actuellement partie : Bureau Edith Peytremann, co-pr\u00e9sidenteLaurent Verslype, co-pr\u00e9sidentAlain Dierkens, vice-pr\u00e9sidentIn\u00e8s Leroy, secr\u00e9taireNadine Mah\u00e9-Hourlier, secr\u00e9taire-adjointVincent Hincker, tr\u00e9sorierDamien&hellip;<\/p>\n","protected":false},"author":2,"featured_media":0,"parent":0,"menu_order":0,"comment_status":"closed","ping_status":"closed","template":"","meta":{"footnotes":""},"class_list":["post-152","page","type-page","status-publish","hentry","no-post-thumbnail"],"jetpack_sharing_enabled":true,"_links":{"self":[{"href":"https:\/\/afamassociation.fr\/index.php\/wp-json\/wp\/v2\/pages\/152","targetHints":{"allow":["GET"]}}],"collection":[{"href":"https:\/\/afamassociation.fr\/index.php\/wp-json\/wp\/v2\/pages"}],"about":[{"href":"https:\/\/afamassociation.fr\/index.php\/wp-json\/wp\/v2\/types\/page"}],"author":[{"embeddable":true,"href":"https:\/\/afamassociation.fr\/index.php\/wp-json\/wp\/v2\/users\/2"}],"replies":[{"embeddable":true,"href":"https:\/\/afamassociation.fr\/index.php\/wp-json\/wp\/v2\/comments?post=152"}],"version-history":[{"count":5,"href":"https:\/\/afamassociation.fr\/index.php\/wp-json\/wp\/v2\/pages\/152\/revisions"}],"predecessor-version":[{"id":1241,"href":"https:\/\/afamassociation.fr\/index.php\/wp-json\/wp\/v2\/pages\/152\/revisions\/1241"}],"wp:attachment":[{"href":"https:\/\/afamassociation.fr\/index.php\/wp-json\/wp\/v2\/media?parent=152"}],"curies":[{"name":"wp","href":"https:\/\/api.w.org\/{rel}","templated":true}]}}