{"id":34,"date":"2019-07-20T12:51:35","date_gmt":"2019-07-20T12:51:35","guid":{"rendered":"http:\/\/127.0.0.1:10080\/wordpress\/?page_id=34"},"modified":"2020-12-19T14:22:50","modified_gmt":"2020-12-19T13:22:50","slug":"organisation","status":"publish","type":"page","link":"https:\/\/afamassociation.fr\/index.php\/organisation\/","title":{"rendered":"Organisation"},"content":{"rendered":"\n<p><br>L&rsquo;organisation de l&rsquo;association est r\u00e9gl\u00e9e par les deux instances qui en assurent le fonctionnement. En vertu de ses\u00a0<a rel=\"noreferrer noopener\" aria-label=\"statuts (s\u2019ouvre dans un nouvel onglet)\" href=\"http:\/\/afamassociation.fr\/wp-content\/uploads\/2019\/09\/Statuts-AFAM-2014-signes.pdf\" target=\"_blank\"><span style=\"color:#ff6900\" class=\"color\">statuts<\/span><\/a>, les membres du\u00a0<a href=\"http:\/\/afamassociation.fr\/index.php\/conseil-dadministration\/\"><span style=\"color:#ff6900\" class=\"color\">conseil d&rsquo;administration<\/span><\/a>\u00a0sont \u00e9lus lors des assembl\u00e9es g\u00e9n\u00e9rales ordinaires qui se tiennent g\u00e9n\u00e9ralement \u00e0 l&rsquo;occasion des Journ\u00e9es internationales. Il peut comporter jusqu&rsquo;\u00e0 18 membres, qui \u00e9lisent en leur sein les membres du bureau. Ce bureau assure principalement la gestion des\u00a0<a rel=\"noreferrer noopener\" aria-label=\"adh\u00e9sions (s\u2019ouvre dans un nouvel onglet)\" href=\"http:\/\/afamassociation.fr\/wp-content\/uploads\/2019\/09\/AFAM_Bull_Adhesion.pdf\" target=\"_blank\"><span style=\"color:#ff6900\" class=\"color\">adh\u00e9sions<\/span><\/a>, des\u00a0<a href=\"https:\/\/afamassociation.fr\/index.php\/publications\/\"><span style=\"color:#ff6900\" class=\"color\">publications<\/span><\/a>, la repr\u00e9sentation ext\u00e9rieure de l&rsquo;AFAM, ainsi que la pr\u00e9paration de la programmation des\u00a0<a href=\"http:\/\/afamassociation.fr\/index.php\/journees\/\"><span style=\"color:#ff6900\" class=\"color\">Journ\u00e9es internationales<\/span><\/a>.<\/p>\n","protected":false},"excerpt":{"rendered":"<p>L&rsquo;organisation de l&rsquo;association est r\u00e9gl\u00e9e par les deux instances qui en assurent le fonctionnement. En vertu de ses\u00a0statuts, les membres du\u00a0conseil d&rsquo;administration\u00a0sont \u00e9lus lors des assembl\u00e9es g\u00e9n\u00e9rales ordinaires qui se&hellip;<\/p>\n","protected":false},"author":2,"featured_media":0,"parent":0,"menu_order":0,"comment_status":"closed","ping_status":"closed","template":"","meta":{"footnotes":""},"class_list":["post-34","page","type-page","status-publish","hentry","no-post-thumbnail"],"jetpack_sharing_enabled":true,"_links":{"self":[{"href":"https:\/\/afamassociation.fr\/index.php\/wp-json\/wp\/v2\/pages\/34","targetHints":{"allow":["GET"]}}],"collection":[{"href":"https:\/\/afamassociation.fr\/index.php\/wp-json\/wp\/v2\/pages"}],"about":[{"href":"https:\/\/afamassociation.fr\/index.php\/wp-json\/wp\/v2\/types\/page"}],"author":[{"embeddable":true,"href":"https:\/\/afamassociation.fr\/index.php\/wp-json\/wp\/v2\/users\/2"}],"replies":[{"embeddable":true,"href":"https:\/\/afamassociation.fr\/index.php\/wp-json\/wp\/v2\/comments?post=34"}],"version-history":[{"count":9,"href":"https:\/\/afamassociation.fr\/index.php\/wp-json\/wp\/v2\/pages\/34\/revisions"}],"predecessor-version":[{"id":608,"href":"https:\/\/afamassociation.fr\/index.php\/wp-json\/wp\/v2\/pages\/34\/revisions\/608"}],"wp:attachment":[{"href":"https:\/\/afamassociation.fr\/index.php\/wp-json\/wp\/v2\/media?parent=34"}],"curies":[{"name":"wp","href":"https:\/\/api.w.org\/{rel}","templated":true}]}}