{"id":40,"date":"2019-07-20T12:52:41","date_gmt":"2019-07-20T12:52:41","guid":{"rendered":"http:\/\/127.0.0.1:10080\/wordpress\/?page_id=40"},"modified":"2025-06-19T18:14:31","modified_gmt":"2025-06-19T16:14:31","slug":"journees","status":"publish","type":"page","link":"https:\/\/afamassociation.fr\/index.php\/journees\/","title":{"rendered":"Journ\u00e9es"},"content":{"rendered":"\n<p>Depuis sa fondation en 1979, l&rsquo;AFAM organise des Journ\u00e9es annuelles en collaboration avec de nombreux partenaires et institutions r\u00e9gionales qui les accueillent. Au cours de ces rencontres, les sp\u00e9cialistes de la p\u00e9riode m\u00e9rovingienne exposent les r\u00e9sultats de leurs recherches, confrontent leurs id\u00e9es et nouent des liens de confraternit\u00e9. Organis\u00e9es chaque ann\u00e9e dans une ville diff\u00e9rente, ces Journ\u00e9es ont \u00e9t\u00e9 l&rsquo;occasion de parcourir la France et quelques pays limitrophes. L&rsquo;Association accorde une grande importance \u00e0 ouvrir sa tribune \u00e0 un public diversifi\u00e9 : des \u00e9tudiants de master aux chercheurs universitaires, des arch\u00e9ologues des services et soci\u00e9t\u00e9s de fouilles aux chercheurs b\u00e9n\u00e9voles. Les programmes de ces journ\u00e9es sont \u00e9tablis par des comit\u00e9s scientifiques ad hoc, mis sur pied avec les partenaires locaux.<br>En outre, la tenue des Journ\u00e9es internationales est souvent coupl\u00e9e \u00e0 l\u2019organisation d\u2019une voire de plusieurs expositions relatives \u00e0 la p\u00e9riode, parfois dot\u00e9es d\u2019un catalogue r\u00e9alis\u00e9 dans le cadre ou en marge de notre manifestation.<\/p>\n\n\n<style type=\"text\/css\" id=\"umsMapStyles_1_53090\">\r\n    #ultimate_maps_1_53090 {\r\n        width: 100%;\r\n        height: 600px;\r\n                border: 0px solid ;\r\n        margin: 0px;\r\n    }\r\n    #mapsControlsNum_1_53090 {\r\n        width:100%    }\r\n    .umsMapDetailsContainer#umsMapDetailsContainer_1_53090 {\r\n        height:600px;\r\n    }\r\n    .ums_MapPreview#ultimate_maps_1_53090 {\r\n        \/*position:absolute;*\/\r\n        width:100%;\r\n    }\r\n    #mapConElem_1_53090{\r\n        width:100%    }\r\n    <\/style><div class=\"ums_map_opts\" id=\"mapConElem_1_53090\" data-id=\"1\" data-view-id=\"1_53090\" > <div class=\"umsMapDetailsContainer\" id=\"umsMapDetailsContainer_1_53090\"> <i class=\"umsKMLLayersPreloader fa fa-spinner fa-spin\" aria-hidden=\"true\" style=\"display: none;\"><\/i> <div class=\"ums_MapPreview \" id=\"ultimate_maps_1_53090\"><\/div> <\/div> <div class=\"umsMapMarkerFilters\" id=\"umsMapMarkerFilters_1_53090\"> <\/div> <div class=\"umsMapProControlsCon\" id=\"umsMapProControlsCon_1_53090\"> <a title=\"WordPress Google Maps Plugin\" style=\"display:none;\" href=\"https:\/\/supsystic.com\/plugins\/google-maps-plugin\/?utm_medium=love_link_hide\" target=\"_blank\">WordPress Google Maps Plugin<\/a><div style=\"clear: both;\"><\/div> <\/div> <div class=\"umsMapProDirectionsCon\" id=\"umsMapProDirectionsCon_1_53090\" > <\/div> <div class=\"umsMapProKmlFilterCon\" id=\"umsMapProKmlFilterCon_1_53090\" > <\/div> <div class=\"umsSocialSharingShell umsSocialSharingShell_1_53090\"> <\/div> <div style=\"clear: both;\"><\/div> <\/div>\n\n\n\n<p><br>&nbsp;<\/p>\n","protected":false},"excerpt":{"rendered":"<p>Depuis sa fondation en 1979, l&rsquo;AFAM organise des Journ\u00e9es annuelles en collaboration avec de nombreux partenaires et institutions r\u00e9gionales qui les accueillent. Au cours de ces rencontres, les sp\u00e9cialistes de&hellip;<\/p>\n","protected":false},"author":2,"featured_media":0,"parent":0,"menu_order":0,"comment_status":"closed","ping_status":"closed","template":"","meta":{"footnotes":""},"class_list":["post-40","page","type-page","status-publish","hentry","no-post-thumbnail"],"jetpack_sharing_enabled":true,"_links":{"self":[{"href":"https:\/\/afamassociation.fr\/index.php\/wp-json\/wp\/v2\/pages\/40","targetHints":{"allow":["GET"]}}],"collection":[{"href":"https:\/\/afamassociation.fr\/index.php\/wp-json\/wp\/v2\/pages"}],"about":[{"href":"https:\/\/afamassociation.fr\/index.php\/wp-json\/wp\/v2\/types\/page"}],"author":[{"embeddable":true,"href":"https:\/\/afamassociation.fr\/index.php\/wp-json\/wp\/v2\/users\/2"}],"replies":[{"embeddable":true,"href":"https:\/\/afamassociation.fr\/index.php\/wp-json\/wp\/v2\/comments?post=40"}],"version-history":[{"count":6,"href":"https:\/\/afamassociation.fr\/index.php\/wp-json\/wp\/v2\/pages\/40\/revisions"}],"predecessor-version":[{"id":1178,"href":"https:\/\/afamassociation.fr\/index.php\/wp-json\/wp\/v2\/pages\/40\/revisions\/1178"}],"wp:attachment":[{"href":"https:\/\/afamassociation.fr\/index.php\/wp-json\/wp\/v2\/media?parent=40"}],"curies":[{"name":"wp","href":"https:\/\/api.w.org\/{rel}","templated":true}]}}