{"id":46,"date":"2019-07-20T12:54:17","date_gmt":"2019-07-20T12:54:17","guid":{"rendered":"http:\/\/127.0.0.1:10080\/wordpress\/?page_id=46"},"modified":"2019-09-16T09:47:04","modified_gmt":"2019-09-16T07:47:04","slug":"bulletins-hors-serie","status":"publish","type":"page","link":"https:\/\/afamassociation.fr\/index.php\/bulletins-hors-serie\/","title":{"rendered":"Bulletins hors-s\u00e9rie"},"content":{"rendered":"\n<p style=\"font-size:0\">Les bulletins hors-s\u00e9rie accueillent des outils et des \u00e9tudes sp\u00e9cifiques et cibl\u00e9es, d&rsquo;un format \u00e9ditorial plus r\u00e9duit que les M\u00e9moires (prix hors frais de port et d&#8217;emballage).<br>&nbsp;<\/p>\n\n\n\n<table id=\"tablepress-1\" class=\"tablepress tablepress-id-1\">\n<tbody>\n<tr class=\"row-1\">\n\t<td class=\"column-1\"><img loading=\"lazy\" decoding=\"async\" src=\"http:\/\/afamassociation.fr\/wp-content\/uploads\/2019\/09\/BHS_01b-150x150.jpg\" alt=\"\" width=\"150\" height=\"150\" class=\"alignnone size-thumbnail wp-image-298\" \/><\/td><td class=\"column-2\">1 \u2013 Ren\u00e9 Legoux, Patrick P\u00e9rin et Fran\u00e7oise Vallet, Chronologie normalis\u00e9e du mobilier fun\u00e9raire m\u00e9rovingien entre Manche et Lorraine, Saint-Germain-en-Laye, [2004, 2006] troisi\u00e8me \u00e9dition revue et corrig\u00e9e, 2009. (Bulletin de liaison de l\u2019Association fran\u00e7aise d\u2019arch\u00e9ologie m\u00e9rovingienne. Hors-s\u00e9rie, 1) \u2013 ISSN 0755-6330<\/td><td class=\"column-3\">20,00\u20ac<\/td>\n<\/tr>\n<tr class=\"row-2\">\n\t<td class=\"column-1\"><a href=\"http:\/\/afamassociation.fr\/wp-content\/uploads\/2021\/08\/BAFAM_HS-2.pdf\" rel=\"noopener\" target=\"_blank\"><img loading=\"lazy\" decoding=\"async\" src=\"http:\/\/afamassociation.fr\/wp-content\/uploads\/2019\/09\/BHS_02-150x150.jpg\" alt=\"\" width=\"150\" height=\"150\" class=\"alignnone size-thumbnail wp-image-439\" \/><\/a><\/td><td class=\"column-2\">2 \u2013 Svante Fischer et Jean Soulat, Les seigneurs des anneaux, Saint-Germain-en-Laye, [2007] nouvelle \u00e9dition corrig\u00e9e, 2008 ; (Bulletin de liaison de l\u2019Association fran\u00e7aise d\u2019arch\u00e9ologie m\u00e9rovingienne. Hors-s\u00e9rie, 2 \u2013 Inscriptions runiques de France, 1) \u2013 ISSN 0755-6330<\/td><td class=\"column-3\">30,00\u20ac<\/td>\n<\/tr>\n<tr class=\"row-3\">\n\t<td class=\"column-1\"><a href=\"http:\/\/afamassociation.fr\/wp-content\/uploads\/2021\/08\/BAFAM_HS-3.pdf\" rel=\"noopener\" target=\"_blank\"><img loading=\"lazy\" decoding=\"async\" src=\"http:\/\/afamassociation.fr\/wp-content\/uploads\/2019\/09\/BHS_03-150x150.jpg\" alt=\"\" width=\"150\" height=\"150\" class=\"alignnone size-thumbnail wp-image-299\"<\/a><\/td><td class=\"column-2\">3 \u2013 Benjamin Leroy, Les monnayages m\u00e9rovingiens armoricains, Saint-Germain-en-Laye, 2008. (Bulletin de liaison de l\u2019Association fran\u00e7aise d\u2019arch\u00e9ologie m\u00e9rovingienne. Hors-s\u00e9rie, 3) \u2013 ISSN 0755-6330<\/td><td class=\"column-3\">Epuis\u00e9<\/td>\n<\/tr>\n<\/tbody>\n<\/table>\n<!-- #tablepress-1 from cache -->\n\n\n\n<p><br><a href=\"http:\/\/afamassociation.fr\/index.php\/bon-de-commande\/\">Bon de commande<\/a><\/p>\n","protected":false},"excerpt":{"rendered":"<p>Les bulletins hors-s\u00e9rie accueillent des outils et des \u00e9tudes sp\u00e9cifiques et cibl\u00e9es, d&rsquo;un format \u00e9ditorial plus r\u00e9duit que les M\u00e9moires (prix hors frais de port et d&#8217;emballage).&nbsp; Bon de commande<\/p>\n","protected":false},"author":2,"featured_media":0,"parent":0,"menu_order":0,"comment_status":"closed","ping_status":"closed","template":"","meta":{"footnotes":""},"class_list":["post-46","page","type-page","status-publish","hentry","no-post-thumbnail"],"jetpack_sharing_enabled":true,"_links":{"self":[{"href":"https:\/\/afamassociation.fr\/index.php\/wp-json\/wp\/v2\/pages\/46","targetHints":{"allow":["GET"]}}],"collection":[{"href":"https:\/\/afamassociation.fr\/index.php\/wp-json\/wp\/v2\/pages"}],"about":[{"href":"https:\/\/afamassociation.fr\/index.php\/wp-json\/wp\/v2\/types\/page"}],"author":[{"embeddable":true,"href":"https:\/\/afamassociation.fr\/index.php\/wp-json\/wp\/v2\/users\/2"}],"replies":[{"embeddable":true,"href":"https:\/\/afamassociation.fr\/index.php\/wp-json\/wp\/v2\/comments?post=46"}],"version-history":[{"count":4,"href":"https:\/\/afamassociation.fr\/index.php\/wp-json\/wp\/v2\/pages\/46\/revisions"}],"predecessor-version":[{"id":443,"href":"https:\/\/afamassociation.fr\/index.php\/wp-json\/wp\/v2\/pages\/46\/revisions\/443"}],"wp:attachment":[{"href":"https:\/\/afamassociation.fr\/index.php\/wp-json\/wp\/v2\/media?parent=46"}],"curies":[{"name":"wp","href":"https:\/\/api.w.org\/{rel}","templated":true}]}}