{"id":52,"date":"2019-07-20T12:55:16","date_gmt":"2019-07-20T12:55:16","guid":{"rendered":"http:\/\/127.0.0.1:10080\/wordpress\/?page_id=52"},"modified":"2024-01-15T09:14:25","modified_gmt":"2024-01-15T08:14:25","slug":"bon-de-commande","status":"publish","type":"page","link":"https:\/\/afamassociation.fr\/index.php\/bon-de-commande\/","title":{"rendered":"Bon de commande"},"content":{"rendered":"\n<p><strong>CONDITIONS DE VENTE ET MODES DE PAIEMENT<\/strong><\/p>\n\n\n\n<p>1\u00b0- Communiquez votre commande \u00e0 l&rsquo;une des adresses indiqu\u00e9es ci-dessous. :<\/p>\n\n\n\n<p><strong>&#8211; soit par voie \u00e9lectronique \u00e0 l\u2019adresse suivante&nbsp;:&nbsp;<\/strong><a href=\"mailto:afameditions@yahoo.fr\">afameditions@yahoo.fr<\/a><br><strong>&#8211; soit \u00e0 l\u2019adresse postale suivante :<\/strong><\/p>\n\n\n\n<p>\u00a0 \u00a0AFAM c\/Vincent HINCKER<br>\u00a0 \u00a020 rue d&rsquo;Hastings<br>\u00a0 \u00a014000 Caen<br><br>2\u00b0- Les frais de port et d&#8217;emballage\u00a0<strong>ne sont pas compris<\/strong>\u00a0dans les prix annonc\u00e9s.<br>\u00a0\u00a0\u00a0\u00a0\u00a0 Pour chaque commande, une facture\u00a0<em>pro forma<\/em>\u00a0sera \u00e9mise en vue de communiquer votre paiement global (voir modes de r\u00e8glement plus bas).<\/p>\n\n\n\n<p>3\u00b0- Les diverses publications, dont l\u2019A.F.A.M. est gestionnaire, ne sont envoy\u00e9es qu\u2019apr\u00e8s r\u00e9ception de leur r\u00e8glement (sauf cas particulier).<br><br><strong><em>Une remise de 20 % est accord\u00e9e aux libraires pour les ouvrages \u00e9dit\u00e9s par l\u2019A.F.A.M.<\/em><\/strong><br><br><strong>4\u00b0-&nbsp;R\u00e8glement \u00e0 l\u2019ordre de l\u2019A.F.A.M.&nbsp;:<\/strong><br><br>&#8211;&nbsp; par ch\u00e8que bancaire (<strong>pour l\u2019\u00e9tranger, les ch\u00e8ques non compensables et non payables &nbsp;en France ne sont pas accept\u00e9s)&nbsp;<\/strong>;<br>&#8211;&nbsp; par virement bancaire <strong>(pour l\u2019\u00e9tranger, tous les frais doivent \u00eatre pris en charge par l\u2019exp\u00e9diteur)<\/strong>&nbsp;;<br>&#8211;&nbsp; par mandat international&nbsp;;<br>&#8211;&nbsp; sur facture, sur demande, \u00e0 r\u00e9ception du r\u00e8glement.<\/p>\n","protected":false},"excerpt":{"rendered":"<p>CONDITIONS DE VENTE ET MODES DE PAIEMENT 1\u00b0- Communiquez votre commande \u00e0 l&rsquo;une des adresses indiqu\u00e9es ci-dessous. : &#8211; soit par voie \u00e9lectronique \u00e0 l\u2019adresse suivante&nbsp;:&nbsp;afameditions@yahoo.fr&#8211; soit \u00e0 l\u2019adresse postale&hellip;<\/p>\n","protected":false},"author":2,"featured_media":0,"parent":0,"menu_order":0,"comment_status":"closed","ping_status":"closed","template":"","meta":{"footnotes":""},"class_list":["post-52","page","type-page","status-publish","hentry","no-post-thumbnail"],"jetpack_sharing_enabled":true,"_links":{"self":[{"href":"https:\/\/afamassociation.fr\/index.php\/wp-json\/wp\/v2\/pages\/52","targetHints":{"allow":["GET"]}}],"collection":[{"href":"https:\/\/afamassociation.fr\/index.php\/wp-json\/wp\/v2\/pages"}],"about":[{"href":"https:\/\/afamassociation.fr\/index.php\/wp-json\/wp\/v2\/types\/page"}],"author":[{"embeddable":true,"href":"https:\/\/afamassociation.fr\/index.php\/wp-json\/wp\/v2\/users\/2"}],"replies":[{"embeddable":true,"href":"https:\/\/afamassociation.fr\/index.php\/wp-json\/wp\/v2\/comments?post=52"}],"version-history":[{"count":2,"href":"https:\/\/afamassociation.fr\/index.php\/wp-json\/wp\/v2\/pages\/52\/revisions"}],"predecessor-version":[{"id":977,"href":"https:\/\/afamassociation.fr\/index.php\/wp-json\/wp\/v2\/pages\/52\/revisions\/977"}],"wp:attachment":[{"href":"https:\/\/afamassociation.fr\/index.php\/wp-json\/wp\/v2\/media?parent=52"}],"curies":[{"name":"wp","href":"https:\/\/api.w.org\/{rel}","templated":true}]}}