{"id":57,"date":"2019-07-20T12:57:23","date_gmt":"2019-07-20T12:57:23","guid":{"rendered":"http:\/\/127.0.0.1:10080\/wordpress\/?page_id=57"},"modified":"2019-09-15T21:26:37","modified_gmt":"2019-09-15T19:26:37","slug":"2018-auxerre","status":"publish","type":"page","link":"https:\/\/afamassociation.fr\/index.php\/2018-auxerre\/","title":{"rendered":"2018 &#8211; Auxerre"},"content":{"rendered":"\n<p>XXXIXe Journ\u00e9es internationales d\u2019arch\u00e9ologie m\u00e9rovingienne de l\u2019Association fran\u00e7aise d\u2019arch\u00e9ologie m\u00e9rovingienne (AFAM) <br>Auxerre \u2013 4-6 octobre 2018&nbsp;&nbsp;<\/p>\n\n\n\n<p><strong><a rel=\"noreferrer noopener\" aria-label=\"Saint Germain, \u00e9v\u00eaque d\u2019Auxerre (418-448) \u2013 1600e&nbsp;anniversaire. (s\u2019ouvre dans un nouvel onglet)\" href=\"http:\/\/afamassociation.fr\/wp-content\/uploads\/2019\/09\/2018_Auxerre_Programme.pdf\" target=\"_blank\">Saint Germain, \u00e9v\u00eaque d\u2019Auxerre (418-448) \u2013 1600<\/a><sup><a rel=\"noreferrer noopener\" aria-label=\"Saint Germain, \u00e9v\u00eaque d\u2019Auxerre (418-448) \u2013 1600e&nbsp;anniversaire. (s\u2019ouvre dans un nouvel onglet)\" href=\"http:\/\/afamassociation.fr\/wp-content\/uploads\/2019\/09\/2018_Auxerre_Programme.pdf\" target=\"_blank\">e<\/a><\/sup><a rel=\"noreferrer noopener\" aria-label=\"Saint Germain, \u00e9v\u00eaque d\u2019Auxerre (418-448) \u2013 1600e&nbsp;anniversaire. (s\u2019ouvre dans un nouvel onglet)\" href=\"http:\/\/afamassociation.fr\/wp-content\/uploads\/2019\/09\/2018_Auxerre_Programme.pdf\" target=\"_blank\">&nbsp;anniversaire.<\/a><\/strong><br><strong><a href=\"http:\/\/afamassociation.fr\/wp-content\/uploads\/2019\/09\/2018_Auxerre_Programme.pdf\" target=\"_blank\" rel=\"noreferrer noopener\" aria-label=\"De bois, de pierre et de terre, arch\u00e9ologie de la construction au haut Moyen \u00c2ge. (s\u2019ouvre dans un nouvel onglet)\">De bois, de pierre et de terre, arch\u00e9ologie de la construction au haut Moyen \u00c2ge.<\/a><\/strong><\/p>\n\n\n\n<div class=\"wp-block-image\"><figure class=\"alignright is-resized\"><img loading=\"lazy\" decoding=\"async\" src=\"http:\/\/afamassociation.fr\/wp-content\/uploads\/2019\/09\/2018_Auxerre_image-1-538x1024.png\" alt=\"\" class=\"wp-image-405\" width=\"135\" height=\"256\" srcset=\"https:\/\/afamassociation.fr\/wp-content\/uploads\/2019\/09\/2018_Auxerre_image-1-538x1024.png 538w, https:\/\/afamassociation.fr\/wp-content\/uploads\/2019\/09\/2018_Auxerre_image-1-158x300.png 158w, https:\/\/afamassociation.fr\/wp-content\/uploads\/2019\/09\/2018_Auxerre_image-1-768x1461.png 768w, https:\/\/afamassociation.fr\/wp-content\/uploads\/2019\/09\/2018_Auxerre_image-1.png 1304w\" sizes=\"auto, (max-width: 135px) 100vw, 135px\" \/><\/figure><\/div>\n\n\n\n<p>Les 39<sup>e<\/sup>&nbsp;Journ\u00e9es internationales de l\u2019AFAM se d\u00e9rouleront \u00e0 Auxerre (89) du 4 au 6 octobre 2018, sous l\u2019\u00e9gide du Centre d\u2019\u00e9tudes m\u00e9di\u00e9vales Saint-Germain, autour d\u2019un double th\u00e8me, d\u2019une part en s\u2019inscrivant dans les manifestations du 1600<sup>e<\/sup>&nbsp;anniversaire de l\u2019\u00e9lection de Germain sur le tr\u00f4ne \u00e9piscopal d\u2019Auxerre et d\u2019autre part autour de l\u2019arch\u00e9ologie de la construction au haut Moyen \u00c2ge. Une session sera enfin consacr\u00e9e \u00e0 l\u2019actualit\u00e9 r\u00e9gionale (Bourgogne Franche-Comt\u00e9, Grand-Est) de la recherche arch\u00e9ologique sur le haut Moyen \u00c2ge.<\/p>\n\n\n\n<p><strong><a href=\"http:\/\/afamassociation.fr\/wp-content\/uploads\/2019\/09\/2018_Auxerre_Programme.pdf\" target=\"_blank\" rel=\"noreferrer noopener\" aria-label=\"Programme (s\u2019ouvre dans un nouvel onglet)\">Programme<\/a><\/strong><\/p>\n","protected":false},"excerpt":{"rendered":"<p>XXXIXe Journ\u00e9es internationales d\u2019arch\u00e9ologie m\u00e9rovingienne de l\u2019Association fran\u00e7aise d\u2019arch\u00e9ologie m\u00e9rovingienne (AFAM) Auxerre \u2013 4-6 octobre 2018&nbsp;&nbsp; Saint Germain, \u00e9v\u00eaque d\u2019Auxerre (418-448) \u2013 1600e&nbsp;anniversaire.De bois, de pierre et de terre, arch\u00e9ologie&hellip;<\/p>\n","protected":false},"author":2,"featured_media":0,"parent":0,"menu_order":0,"comment_status":"closed","ping_status":"closed","template":"","meta":{"footnotes":""},"class_list":["post-57","page","type-page","status-publish","hentry","no-post-thumbnail"],"jetpack_sharing_enabled":true,"_links":{"self":[{"href":"https:\/\/afamassociation.fr\/index.php\/wp-json\/wp\/v2\/pages\/57","targetHints":{"allow":["GET"]}}],"collection":[{"href":"https:\/\/afamassociation.fr\/index.php\/wp-json\/wp\/v2\/pages"}],"about":[{"href":"https:\/\/afamassociation.fr\/index.php\/wp-json\/wp\/v2\/types\/page"}],"author":[{"embeddable":true,"href":"https:\/\/afamassociation.fr\/index.php\/wp-json\/wp\/v2\/users\/2"}],"replies":[{"embeddable":true,"href":"https:\/\/afamassociation.fr\/index.php\/wp-json\/wp\/v2\/comments?post=57"}],"version-history":[{"count":2,"href":"https:\/\/afamassociation.fr\/index.php\/wp-json\/wp\/v2\/pages\/57\/revisions"}],"predecessor-version":[{"id":407,"href":"https:\/\/afamassociation.fr\/index.php\/wp-json\/wp\/v2\/pages\/57\/revisions\/407"}],"wp:attachment":[{"href":"https:\/\/afamassociation.fr\/index.php\/wp-json\/wp\/v2\/media?parent=57"}],"curies":[{"name":"wp","href":"https:\/\/api.w.org\/{rel}","templated":true}]}}