{"id":586,"date":"2020-12-19T12:38:21","date_gmt":"2020-12-19T11:38:21","guid":{"rendered":"http:\/\/afamassociation.fr\/?page_id=586"},"modified":"2021-08-08T17:16:08","modified_gmt":"2021-08-08T15:16:08","slug":"2019-nantes","status":"publish","type":"page","link":"https:\/\/afamassociation.fr\/index.php\/2019-nantes\/","title":{"rendered":"2019 &#8211; Nantes"},"content":{"rendered":"\n<figure class=\"wp-block-image size-large\"><img loading=\"lazy\" decoding=\"async\" width=\"1024\" height=\"319\" src=\"http:\/\/afamassociation.fr\/wp-content\/uploads\/2019\/09\/Diademe_sans_fond_1-1024x319.png\" alt=\"\" class=\"wp-image-279\" srcset=\"https:\/\/afamassociation.fr\/wp-content\/uploads\/2019\/09\/Diademe_sans_fond_1-1024x319.png 1024w, https:\/\/afamassociation.fr\/wp-content\/uploads\/2019\/09\/Diademe_sans_fond_1-300x94.png 300w, https:\/\/afamassociation.fr\/wp-content\/uploads\/2019\/09\/Diademe_sans_fond_1-768x240.png 768w\" sizes=\"auto, (max-width: 1024px) 100vw, 1024px\" \/><\/figure>\n\n\n\n<p>Pour le quaranti\u00e8me anniversaire de l\u2019AFAM, les Journ\u00e9es internationales d\u2019arch\u00e9ologie m\u00e9rovingienne ont \u00e9t\u00e9 organis\u00e9es par l\u2019universit\u00e9 de Nantes, \u00e0 Nantes (salle de la Manufacture), du 3 au 5 octobre 2019.<\/p>\n\n\n\n<p>Les deux premi\u00e8res journ\u00e9es ont eu pour th\u00e8me la circulation des hommes, des biens et des id\u00e9es \u00e0 l\u2019\u00e9poque m\u00e9rovingienne du V<sup>e<\/sup>&nbsp;au VIII<sup>e<\/sup>&nbsp;si\u00e8cle.<\/p>\n\n\n\n<p>Cette th\u00e9matique s\u2019est inscrite dans le prolongement des r\u00e9flexions engag\u00e9es par les historiens des textes sur les \u00e9changes en Europe occidentale dans le courant du haut Moyen \u00c2ge. L\u2019objectif \u00e9tait ici de mettre \u00e0 contribution les sources arch\u00e9ologiques qui restent encore trop souvent m\u00e9connues ou sous-exploit\u00e9es dans les travaux sur le sujet. C\u2019\u00e9tait \u00e9galement l\u2019occasion d\u2019identifier les continuit\u00e9s et les transformations perceptibles dans les m\u00e9canismes et la nature des \u00e9changes apr\u00e8s la chute l\u2019Empire romain.<\/p>\n\n\n\n<p>La localisation de Nantes en limite du royaume franc, en bord de Loire et ouverte sur l\u2019oc\u00e9an, en ont fait le lieu id\u00e9al pour s\u2019interroger sur la circulation des hommes, des biens et des id\u00e9es en Gaule m\u00e9rovingienne et sur les liens qu\u2019elle entretient avec les royaumes voisins et les contr\u00e9es plus lointaines.<\/p>\n\n\n\n<p>Cette approche multiscalaire a permis d\u2019appr\u00e9hender la question \u00e0 l\u2019\u00e9chelle locale ou r\u00e9gionale (au sein des campagnes, dans l\u2019espace urbain, relations villes\/campagne, contextes littoraux ou int\u00e9rieurs\u2026) mais aussi sur de plus longues distances et par-del\u00e0 les mers.<\/p>\n\n\n\n<p>Trois th\u00e9matiques ont plus pr\u00e9cis\u00e9ment \u00e9t\u00e9 d\u00e9velopp\u00e9es :<\/p>\n\n\n\n<ul class=\"wp-block-list\"><li>les vecteurs de transmission&nbsp;;<\/li><li>la nature des objets \u00e9chang\u00e9s ;<\/li><li>les cons\u00e9quences de la circulation des biens et des id\u00e9es.<\/li><\/ul>\n\n\n\n<p>Les 40<sup>e<\/sup>&nbsp;journ\u00e9es de l\u2019AFAM \u00e0 Nantes en 2019 \u00e9taient \u00e9galement l\u2019occasion de proposer une pr\u00e9sentation renouvel\u00e9e de l\u2019\u00e9tat des connaissances sur le haut Moyen \u00c2ge dans les Pays de la Loire et en Bretagne, plus de quinze ans apr\u00e8s les journ\u00e9es organis\u00e9es \u00e0 Angers (2001) et plus de trente ans apr\u00e8s celles de Rennes (1984). <\/p>\n\n\n\n<p><a href=\"http:\/\/afamassociation.fr\/wp-content\/uploads\/2019\/09\/2019_Nantes_programme-AFAMdefinitif-web.pdf\">Programme<\/a><br>Suivez notre actualit\u00e9 pour d\u00e9couvrir les actes en primeur !<\/p>\n","protected":false},"excerpt":{"rendered":"<p>Pour le quaranti\u00e8me anniversaire de l\u2019AFAM, les Journ\u00e9es internationales d\u2019arch\u00e9ologie m\u00e9rovingienne ont \u00e9t\u00e9 organis\u00e9es par l\u2019universit\u00e9 de Nantes, \u00e0 Nantes (salle de la Manufacture), du 3 au 5 octobre 2019.&hellip;<\/p>\n","protected":false},"author":2,"featured_media":0,"parent":0,"menu_order":0,"comment_status":"closed","ping_status":"closed","template":"","meta":{"footnotes":""},"class_list":["post-586","page","type-page","status-publish","hentry","no-post-thumbnail"],"jetpack_sharing_enabled":true,"_links":{"self":[{"href":"https:\/\/afamassociation.fr\/index.php\/wp-json\/wp\/v2\/pages\/586","targetHints":{"allow":["GET"]}}],"collection":[{"href":"https:\/\/afamassociation.fr\/index.php\/wp-json\/wp\/v2\/pages"}],"about":[{"href":"https:\/\/afamassociation.fr\/index.php\/wp-json\/wp\/v2\/types\/page"}],"author":[{"embeddable":true,"href":"https:\/\/afamassociation.fr\/index.php\/wp-json\/wp\/v2\/users\/2"}],"replies":[{"embeddable":true,"href":"https:\/\/afamassociation.fr\/index.php\/wp-json\/wp\/v2\/comments?post=586"}],"version-history":[{"count":7,"href":"https:\/\/afamassociation.fr\/index.php\/wp-json\/wp\/v2\/pages\/586\/revisions"}],"predecessor-version":[{"id":679,"href":"https:\/\/afamassociation.fr\/index.php\/wp-json\/wp\/v2\/pages\/586\/revisions\/679"}],"wp:attachment":[{"href":"https:\/\/afamassociation.fr\/index.php\/wp-json\/wp\/v2\/media?parent=586"}],"curies":[{"name":"wp","href":"https:\/\/api.w.org\/{rel}","templated":true}]}}