{"id":61,"date":"2019-07-20T12:57:55","date_gmt":"2019-07-20T12:57:55","guid":{"rendered":"http:\/\/127.0.0.1:10080\/wordpress\/?page_id=61"},"modified":"2019-09-15T21:22:29","modified_gmt":"2019-09-15T19:22:29","slug":"2017-lyon","status":"publish","type":"page","link":"https:\/\/afamassociation.fr\/index.php\/2017-lyon\/","title":{"rendered":"2017 &#8211; Lyon"},"content":{"rendered":"\n<p><strong>38<sup>e<\/sup>&nbsp;journ\u00e9es internationales d\u2019arch\u00e9ologie m\u00e9rovingienne &nbsp;<\/strong><\/p>\n\n\n\n<p>de l&rsquo;Association Fran\u00e7aise d\u2019Arch\u00e9ologie M\u00e9rovingienne (AFAM)<br>du&nbsp;<strong>5 au 8 octobre 2017<\/strong>&nbsp;\u00e0&nbsp;<strong>Lyon<\/strong><\/p>\n\n\n\n<p><strong><a href=\"http:\/\/afamassociation.fr\/wp-content\/uploads\/2019\/09\/2017_Lyon_programme.pdf\" target=\"_blank\" rel=\"noreferrer noopener\" aria-label=\"La ville de l\u2019Antiquit\u00e9 tardive et du haut Moyen \u00c2ge (s\u2019ouvre dans un nouvel onglet)\">La ville de l\u2019Antiquit\u00e9 tardive et du haut Moyen \u00c2ge<\/a><\/strong><br>(A Majorien)\u00a0:\u00a0<em>Et puisque tu es venu<\/em>, [\u2026]\u00a0<em>rel\u00e8ve nos ruines et,<\/em>\u00a0<em>en passant, jette les yeux, vainqueur,<\/em>\u00a0<em>sur Lyon ta ville<\/em>\u00a0[\u2026].\u00a0<em>Elle a \u00e9t\u00e9 totalement d\u00e9pouill\u00e9e de son b\u00e9tail, de ses r\u00e9coltes, de ses colons, de ses citoyens<\/em>\u00a0[\u2026].\u00a0<em>Nous avons succomb\u00e9 sous les d\u00e9vastations, sous l\u2019incendie, mais tu viens et tu rends la vie \u00e0 toute chose<\/em>. Sidoine Apollinaire,\u00a0<em>po\u00e8mes<\/em>, V, 574-586.<\/p>\n\n\n\n<div class=\"wp-block-image\"><figure class=\"alignright is-resized\"><img loading=\"lazy\" decoding=\"async\" src=\"http:\/\/afamassociation.fr\/wp-content\/uploads\/2019\/09\/2017_Lyon_image-1-724x1024.png\" alt=\"\" class=\"wp-image-402\" width=\"181\" height=\"256\" srcset=\"https:\/\/afamassociation.fr\/wp-content\/uploads\/2019\/09\/2017_Lyon_image-1-724x1024.png 724w, https:\/\/afamassociation.fr\/wp-content\/uploads\/2019\/09\/2017_Lyon_image-1-212x300.png 212w, https:\/\/afamassociation.fr\/wp-content\/uploads\/2019\/09\/2017_Lyon_image-1-768x1086.png 768w, https:\/\/afamassociation.fr\/wp-content\/uploads\/2019\/09\/2017_Lyon_image-1.png 1749w\" sizes=\"auto, (max-width: 181px) 100vw, 181px\" \/><\/figure><\/div>\n\n\n\n<p>Les 38<sup>e<\/sup>\u00a0Journ\u00e9es internationales de l\u2019AFAM se d\u00e9rouleront \u00e0 Lyon (69) du jeudi 5 au samedi 7 octobre 2017, sous l\u2019\u00e9gide du Service Arch\u00e9ologique de la Ville de Lyon. Ville antique au pass\u00e9 prestigieux, un temps capitale burgonde, longtemps capitale de la chr\u00e9tient\u00e9, Lyon concentre nombre de probl\u00e9matiques propres \u00e0 l\u2019\u00e9volution des villes entre Antiquit\u00e9 et Moyen \u00c2ge, th\u00e9matique retenue, avec la pr\u00e9sentation des d\u00e9couvertes arch\u00e9ologiques r\u00e9gionales, pour ces 38<sup>e<\/sup>\u00a0Journ\u00e9es.<br><br>Consultez le\u00a0<a href=\"http:\/\/afamassociation.fr\/wp-content\/uploads\/2019\/09\/2017_Lyon_programme.pdf\" target=\"_blank\" rel=\"noreferrer noopener\" aria-label=\"programme complet (s\u2019ouvre dans un nouvel onglet)\">programme complet<\/a><\/p>\n\n\n\n<p><strong>Comit\u00e9 d&rsquo;organisation pour le Service arch\u00e9ologique de la Ville de Lyon:<\/strong><br>St\u00e9phane Ardouin, Emma Bouvard et Vianney Rassart.&nbsp;<\/p>\n","protected":false},"excerpt":{"rendered":"<p>38e&nbsp;journ\u00e9es internationales d\u2019arch\u00e9ologie m\u00e9rovingienne &nbsp; de l&rsquo;Association Fran\u00e7aise d\u2019Arch\u00e9ologie M\u00e9rovingienne (AFAM)du&nbsp;5 au 8 octobre 2017&nbsp;\u00e0&nbsp;Lyon La ville de l\u2019Antiquit\u00e9 tardive et du haut Moyen \u00c2ge(A Majorien)\u00a0:\u00a0Et puisque tu es venu,&hellip;<\/p>\n","protected":false},"author":2,"featured_media":0,"parent":0,"menu_order":0,"comment_status":"closed","ping_status":"closed","template":"","meta":{"footnotes":""},"class_list":["post-61","page","type-page","status-publish","hentry","no-post-thumbnail"],"jetpack_sharing_enabled":true,"_links":{"self":[{"href":"https:\/\/afamassociation.fr\/index.php\/wp-json\/wp\/v2\/pages\/61","targetHints":{"allow":["GET"]}}],"collection":[{"href":"https:\/\/afamassociation.fr\/index.php\/wp-json\/wp\/v2\/pages"}],"about":[{"href":"https:\/\/afamassociation.fr\/index.php\/wp-json\/wp\/v2\/types\/page"}],"author":[{"embeddable":true,"href":"https:\/\/afamassociation.fr\/index.php\/wp-json\/wp\/v2\/users\/2"}],"replies":[{"embeddable":true,"href":"https:\/\/afamassociation.fr\/index.php\/wp-json\/wp\/v2\/comments?post=61"}],"version-history":[{"count":1,"href":"https:\/\/afamassociation.fr\/index.php\/wp-json\/wp\/v2\/pages\/61\/revisions"}],"predecessor-version":[{"id":403,"href":"https:\/\/afamassociation.fr\/index.php\/wp-json\/wp\/v2\/pages\/61\/revisions\/403"}],"wp:attachment":[{"href":"https:\/\/afamassociation.fr\/index.php\/wp-json\/wp\/v2\/media?parent=61"}],"curies":[{"name":"wp","href":"https:\/\/api.w.org\/{rel}","templated":true}]}}