{"id":65,"date":"2019-07-20T12:58:33","date_gmt":"2019-07-20T12:58:33","guid":{"rendered":"http:\/\/127.0.0.1:10080\/wordpress\/?page_id=65"},"modified":"2019-09-15T21:13:32","modified_gmt":"2019-09-15T19:13:32","slug":"2015-montpellier","status":"publish","type":"page","link":"https:\/\/afamassociation.fr\/index.php\/2015-montpellier\/","title":{"rendered":"2015 &#8211; Montpellier"},"content":{"rendered":"\n<p><strong>36<sup>e<\/sup>\u00a0journ\u00e9es internationales d&rsquo;arch\u00e9ologie m\u00e9rovingienne (1\u00a0au\u00a03 octobre &#8211; Montpellier 2015)<\/strong><br><strong><a href=\"http:\/\/afamassociation.fr\/wp-content\/uploads\/2019\/09\/2015_Montpellier_Programme.pdf\">L&rsquo;habitat rural du haut Moyen \u00c2ge en France (V<\/a><sup><a href=\"http:\/\/afamassociation.fr\/wp-content\/uploads\/2019\/09\/2015_Montpellier_Programme.pdf\">\u00e8me<\/a><\/sup><a href=\"http:\/\/afamassociation.fr\/wp-content\/uploads\/2019\/09\/2015_Montpellier_Programme.pdf\">-XI<\/a><sup><a href=\"http:\/\/afamassociation.fr\/wp-content\/uploads\/2019\/09\/2015_Montpellier_Programme.pdf\">\u00e8me\u00a0<\/a><\/sup><a href=\"http:\/\/afamassociation.fr\/wp-content\/uploads\/2019\/09\/2015_Montpellier_Programme.pdf\">s.)<\/a>:\u00a0dynamiques du peuplement, formes, fonctions et statuts des \u00e9tablissements<\/strong><\/p>\n\n\n\n<div class=\"wp-block-image\"><figure class=\"alignright is-resized\"><img loading=\"lazy\" decoding=\"async\" src=\"http:\/\/afamassociation.fr\/wp-content\/uploads\/2019\/09\/2015_Montpellier_image1.png\" alt=\"\" class=\"wp-image-395\" width=\"249\" height=\"221\" srcset=\"https:\/\/afamassociation.fr\/wp-content\/uploads\/2019\/09\/2015_Montpellier_image1.png 997w, https:\/\/afamassociation.fr\/wp-content\/uploads\/2019\/09\/2015_Montpellier_image1-300x265.png 300w, https:\/\/afamassociation.fr\/wp-content\/uploads\/2019\/09\/2015_Montpellier_image1-768x679.png 768w\" sizes=\"auto, (max-width: 249px) 100vw, 249px\" \/><\/figure><\/div>\n\n\n\n<p>En 1993, l\u2019Association Fran\u00e7aise d\u2019Arch\u00e9ologie M\u00e9rovingienne organisait \u00e0 Paris, ses VI<sup>\u00e8mes<\/sup>&nbsp;journ\u00e9es d\u2019\u00e9tudes consacr\u00e9es \u00e0<em>&nbsp;L\u2019habitat rural du haut Moyen Age (France, Pays-Bas, Danemark et Grande-Bretagne)<\/em>dont les actes \u00e9taient publi\u00e9s d\u00e8s 1995. L\u2019arch\u00e9ologie de l\u2019habitat rural du haut Moyen \u00c2ge se d\u00e9veloppait alors progressivement en France, et la localisation de ces journ\u00e9es en r\u00e9gion parisienne mettait davantage l\u2019accent sur des r\u00e9gions pionni\u00e8res comme l\u2019Ile-de-France o\u00f9 le b\u00e9n\u00e9fice des progr\u00e8s de l\u2019arch\u00e9ologie pr\u00e9ventive se faisait davantage ressentir.<\/p>\n\n\n\n<p>Depuis, les ambitions de l\u2019arch\u00e9ologie rurale longtemps focalis\u00e9e sur la question de la gen\u00e8se des formes villageoises m\u00e9di\u00e9vales, se sont \u00e9largies \u00e0 une arch\u00e9ologie des terroirs et de l\u2019espace social tandis que les fouilles se sont multipli\u00e9es, y compris dans des r\u00e9gions o\u00f9 le d\u00e9veloppement de l\u2019arch\u00e9ologie pr\u00e9ventive fut plus lent et plus contrast\u00e9 voire plus difficile \u00e0 mettre en \u0153uvre en l\u2019absence de communaut\u00e9 scientifique suffisamment organis\u00e9e. Les corpus ont \u00e9t\u00e9 renouvel\u00e9s, des projets collectifs de recherche ont vu le jour, des monographies et plusieurs bilans r\u00e9gionaux ont \u00e9t\u00e9 produits car les acteurs de la recherche plus nombreux \u0153uvrent d\u00e9sormais dans un contexte institutionnel et r\u00e8glementaire totalement transform\u00e9 et, pour tout dire, l\u2019arch\u00e9ologie des espaces ruraux est elle-m\u00eame en renouvellement permanent.<\/p>\n\n\n\n<p>Les 36<sup>\u00e8mes<\/sup>&nbsp;Journ\u00e9es internationales seront organis\u00e9es en trois sessions qui ont \u00e9t\u00e9 respectivement consacr\u00e9es \u00e0 la th\u00e9matique principale \u00e0 l\u2019\u00e9chelle nationale, dans le sud-ouest de la France, et \u00e0 l\u2019actualit\u00e9 g\u00e9n\u00e9rale de l\u2019arch\u00e9ologie m\u00e9rovingienne&nbsp;:<br>&#8211; &nbsp;<strong>Du Septentrion au Midi : bilans r\u00e9gionaux, micro-r\u00e9gionaux et \u00e9tudes de cas<\/strong><br>&#8211; &nbsp;<strong>L&rsquo;habitat du haut Moyen \u00c2ge en Languedoc et Roussillon (VI<sup>\u00e8me<\/sup>-XII<sup>\u00e8me&nbsp;<\/sup>s.) et en France m\u00e9diterran\u00e9enne<\/strong><br>&#8211; &nbsp;<strong>Actualit\u00e9s M\u00e9rovingiennes<\/strong><\/p>\n\n\n\n<p>Comit\u00e9 d&rsquo;organisation\u00a0: J\u00e9r\u00f4me Hernandez, Laurent Schneider et Jean Soulat<br><strong><a href=\"http:\/\/afamassociation.fr\/wp-content\/uploads\/2019\/09\/2015_Montpellier_Programme.pdf\" target=\"_blank\" rel=\"noreferrer noopener\" aria-label=\"Programme complet (s\u2019ouvre dans un nouvel onglet)\">Programme complet<\/a><\/strong><\/p>\n","protected":false},"excerpt":{"rendered":"<p>36e\u00a0journ\u00e9es internationales d&rsquo;arch\u00e9ologie m\u00e9rovingienne (1\u00a0au\u00a03 octobre &#8211; Montpellier 2015)L&rsquo;habitat rural du haut Moyen \u00c2ge en France (V\u00e8me-XI\u00e8me\u00a0s.):\u00a0dynamiques du peuplement, formes, fonctions et statuts des \u00e9tablissements En 1993, l\u2019Association Fran\u00e7aise d\u2019Arch\u00e9ologie&hellip;<\/p>\n","protected":false},"author":2,"featured_media":0,"parent":0,"menu_order":0,"comment_status":"closed","ping_status":"closed","template":"","meta":{"footnotes":""},"class_list":["post-65","page","type-page","status-publish","hentry","no-post-thumbnail"],"jetpack_sharing_enabled":true,"_links":{"self":[{"href":"https:\/\/afamassociation.fr\/index.php\/wp-json\/wp\/v2\/pages\/65","targetHints":{"allow":["GET"]}}],"collection":[{"href":"https:\/\/afamassociation.fr\/index.php\/wp-json\/wp\/v2\/pages"}],"about":[{"href":"https:\/\/afamassociation.fr\/index.php\/wp-json\/wp\/v2\/types\/page"}],"author":[{"embeddable":true,"href":"https:\/\/afamassociation.fr\/index.php\/wp-json\/wp\/v2\/users\/2"}],"replies":[{"embeddable":true,"href":"https:\/\/afamassociation.fr\/index.php\/wp-json\/wp\/v2\/comments?post=65"}],"version-history":[{"count":2,"href":"https:\/\/afamassociation.fr\/index.php\/wp-json\/wp\/v2\/pages\/65\/revisions"}],"predecessor-version":[{"id":396,"href":"https:\/\/afamassociation.fr\/index.php\/wp-json\/wp\/v2\/pages\/65\/revisions\/396"}],"wp:attachment":[{"href":"https:\/\/afamassociation.fr\/index.php\/wp-json\/wp\/v2\/media?parent=65"}],"curies":[{"name":"wp","href":"https:\/\/api.w.org\/{rel}","templated":true}]}}