{"id":71,"date":"2019-07-20T12:59:25","date_gmt":"2019-07-20T12:59:25","guid":{"rendered":"http:\/\/127.0.0.1:10080\/wordpress\/?page_id=71"},"modified":"2025-11-28T17:49:19","modified_gmt":"2025-11-28T16:49:19","slug":"nos-partenaires-et-leurs-activites","status":"publish","type":"page","link":"https:\/\/afamassociation.fr\/index.php\/nos-partenaires-et-leurs-activites\/","title":{"rendered":"Nos partenaires et leurs activit\u00e9s"},"content":{"rendered":"\n<p class=\"has-luminous-vivid-orange-color has-text-color has-link-color wp-elements-79c494990a337a39a096511c994644a1\"><strong>Corpus SATHMA<\/strong><\/p>\n\n\n\n<p>Le Corpus SATHMA,\u00a0Sculpture de l&rsquo;Antiquit\u00e9 tardive au haut Moyen \u00c2ge (IV<sup>e<\/sup>-X<sup>e<\/sup> si\u00e8cles) en France,\u00a0est une base de donn\u00e9es collective constituant l\u2019inventaire de la sculpture de l\u2019Antiquit\u00e9 tardive et du haut Moyen \u00c2ge en France (IV<sup>e<\/sup>-X<sup>e\u00a0<\/sup>si\u00e8cles). <br><br><a href=\"https:\/\/corpussathma.hypotheses.org\/\" data-type=\"link\" data-id=\"https:\/\/corpussathma.hypotheses.org\/\">Corpus SATHMA<\/a><br><\/p>\n","protected":false},"excerpt":{"rendered":"<p>Corpus SATHMA Le Corpus SATHMA,\u00a0Sculpture de l&rsquo;Antiquit\u00e9 tardive au haut Moyen \u00c2ge (IVe-Xe si\u00e8cles) en France,\u00a0est une base de donn\u00e9es collective constituant l\u2019inventaire de la sculpture de l\u2019Antiquit\u00e9 tardive et&hellip;<\/p>\n","protected":false},"author":2,"featured_media":0,"parent":0,"menu_order":0,"comment_status":"closed","ping_status":"closed","template":"","meta":{"footnotes":""},"class_list":["post-71","page","type-page","status-publish","hentry","no-post-thumbnail"],"jetpack_sharing_enabled":true,"_links":{"self":[{"href":"https:\/\/afamassociation.fr\/index.php\/wp-json\/wp\/v2\/pages\/71","targetHints":{"allow":["GET"]}}],"collection":[{"href":"https:\/\/afamassociation.fr\/index.php\/wp-json\/wp\/v2\/pages"}],"about":[{"href":"https:\/\/afamassociation.fr\/index.php\/wp-json\/wp\/v2\/types\/page"}],"author":[{"embeddable":true,"href":"https:\/\/afamassociation.fr\/index.php\/wp-json\/wp\/v2\/users\/2"}],"replies":[{"embeddable":true,"href":"https:\/\/afamassociation.fr\/index.php\/wp-json\/wp\/v2\/comments?post=71"}],"version-history":[{"count":5,"href":"https:\/\/afamassociation.fr\/index.php\/wp-json\/wp\/v2\/pages\/71\/revisions"}],"predecessor-version":[{"id":1250,"href":"https:\/\/afamassociation.fr\/index.php\/wp-json\/wp\/v2\/pages\/71\/revisions\/1250"}],"wp:attachment":[{"href":"https:\/\/afamassociation.fr\/index.php\/wp-json\/wp\/v2\/media?parent=71"}],"curies":[{"name":"wp","href":"https:\/\/api.w.org\/{rel}","templated":true}]}}