{"id":73,"date":"2019-07-20T12:59:36","date_gmt":"2019-07-20T12:59:36","guid":{"rendered":"http:\/\/127.0.0.1:10080\/wordpress\/?page_id=73"},"modified":"2025-11-28T17:39:49","modified_gmt":"2025-11-28T16:39:49","slug":"references","status":"publish","type":"page","link":"https:\/\/afamassociation.fr\/index.php\/references\/","title":{"rendered":"R\u00e9f\u00e9rences"},"content":{"rendered":"\n<p class=\"has-luminous-vivid-orange-color has-text-color has-link-color wp-elements-356a73f3aece3b91f2f63ade224151a7\"><strong>Groupe Zot\u00e9ro<\/strong><\/p>\n\n\n\n<p>L&rsquo;AFAM met \u00e0 votre disposition un groupe des r\u00e9f\u00e9rences bibliographiques \u00e9dit\u00e9es par l&rsquo;AFAM. Zotero est un outil bibliographique qui permet de stocker des r\u00e9f\u00e9rences, de les int\u00e9grer dans un texte et de g\u00e9n\u00e9rer une bibliographie finale selon diff\u00e9rents styles et standards. Gr\u00e2ce \u00e0 ce groupe, toutes les r\u00e9f\u00e9rences bibliographiques issues des publications de l&rsquo;AFAM sont \u00e0 votre disposition pour une int\u00e9gration directe dans vos travaux. Un seul clic : <a href=\"https:\/\/www.zotero.org\/groups\/2415658\/afam\" data-type=\"link\" data-id=\"https:\/\/www.zotero.org\/groups\/2415658\/afam\">groupe de r\u00e9f\u00e9rence Zot\u00e9ro<\/a><\/p>\n","protected":false},"excerpt":{"rendered":"<p>Groupe Zot\u00e9ro L&rsquo;AFAM met \u00e0 votre disposition un groupe des r\u00e9f\u00e9rences bibliographiques \u00e9dit\u00e9es par l&rsquo;AFAM. Zotero est un outil bibliographique qui permet de stocker des r\u00e9f\u00e9rences, de les int\u00e9grer dans&hellip;<\/p>\n","protected":false},"author":2,"featured_media":0,"parent":0,"menu_order":0,"comment_status":"closed","ping_status":"closed","template":"","meta":{"footnotes":""},"class_list":["post-73","page","type-page","status-publish","hentry","no-post-thumbnail"],"jetpack_sharing_enabled":true,"_links":{"self":[{"href":"https:\/\/afamassociation.fr\/index.php\/wp-json\/wp\/v2\/pages\/73","targetHints":{"allow":["GET"]}}],"collection":[{"href":"https:\/\/afamassociation.fr\/index.php\/wp-json\/wp\/v2\/pages"}],"about":[{"href":"https:\/\/afamassociation.fr\/index.php\/wp-json\/wp\/v2\/types\/page"}],"author":[{"embeddable":true,"href":"https:\/\/afamassociation.fr\/index.php\/wp-json\/wp\/v2\/users\/2"}],"replies":[{"embeddable":true,"href":"https:\/\/afamassociation.fr\/index.php\/wp-json\/wp\/v2\/comments?post=73"}],"version-history":[{"count":4,"href":"https:\/\/afamassociation.fr\/index.php\/wp-json\/wp\/v2\/pages\/73\/revisions"}],"predecessor-version":[{"id":1245,"href":"https:\/\/afamassociation.fr\/index.php\/wp-json\/wp\/v2\/pages\/73\/revisions\/1245"}],"wp:attachment":[{"href":"https:\/\/afamassociation.fr\/index.php\/wp-json\/wp\/v2\/media?parent=73"}],"curies":[{"name":"wp","href":"https:\/\/api.w.org\/{rel}","templated":true}]}}